{"id":116,"date":"2020-09-20T23:36:11","date_gmt":"2020-09-20T21:36:11","guid":{"rendered":"http:\/\/cascadedebois.fr\/?page_id=116"},"modified":"2020-09-20T23:36:11","modified_gmt":"2020-09-20T21:36:11","slug":"lettre-de-soutien-du-crpf","status":"publish","type":"page","link":"http:\/\/cascadedebois.fr\/?page_id=116","title":{"rendered":"Lettre de soutien du CRPF"},"content":{"rendered":"\n<p><strong>Enfants<\/strong> nous cherchions des arbres aux premi\u00e8res branches basses. <strong>Nous grimpions<\/strong> alors avec agilit\u00e9 jusqu\u2019au fa\u00eete et nous pouvions nous <strong>\u00e9merveiller d\u2019un paysage, de l\u2019envol d\u2019une tourterelle, de la course d\u2019un \u00e9cureuil et tout simplement des senteurs de la canop\u00e9e<\/strong>. Pourtant l\u2019exp\u00e9dition restait inaboutie car il y avait, toujours tr\u00e8s proches, ici un grand pin \u00e0 l\u2019\u00e9corce rugueuse, au tronc \u00e9lanc\u00e9 inaccessible, l\u00e0 un h\u00eatre ou un ch\u00eane dominateur qui nous narguaient v\u00e9ritablement et dont les frondaisons au milieu des nuages bruissaient avec ironie.<\/p>\n\n\n\n<p>Cascade de bois aujourd\u2019hui rel\u00e8ve ce d\u00e9fi d\u2019antan et conduit le commun audacieux au firmament vert de nos for\u00eats. Piolets et crampons professionnels ne p\u00e9n\u00e8trent l\u2019\u00e9corce que de quelques millim\u00e8tres pour assurer une grimpe accessible \u00e0 tous. C\u2019est un nouvel \u00e9lan vers les cimes, c\u2019est un nouvel allant pour l\u2019amoureux de la nature.<\/p>\n\n\n\n<p>Cascade de bois pousse la pratique jusqu\u2019\u00e0 justifier avec raison et fondements le choix des arbres sur lesquels exercer ce sport original. C\u2019est le <strong>c\u00f4t\u00e9 \u00e9ph\u00e9m\u00e8re&nbsp; du parcours acrobatique<\/strong> qui l\u2019emporte sur une quelconque id\u00e9e de souffrance de <strong>l\u2019arbre<\/strong> puisque les individus choisis sont justement ceux destin\u00e9s \u00e0 \u00eatre coup\u00e9s. A \u00eatre <strong>coup\u00e9s et donc \u00e0 \u00eatre renouvel\u00e9s<\/strong>. Tout le concept r\u00e9side dans cette fonction durable de l\u2019intervention humaine de Cascade de bois. Il n\u2019est pas question de contraindre le v\u00e9g\u00e9tal des ann\u00e9es durant aux griffures des sylvo-cascadeurs mais bien de l\u2019honorer une derni\u00e8re fois avant qu\u2019il ne devienne l\u2019\u00e9co-mat\u00e9riau essentiel de nos \u00e9conomies circulaires.<\/p>\n\n\n\n<p><strong>Soutenir l\u2019initiative de Cascade de bois<\/strong> conduit ainsi \u00e0 valoriser des exp\u00e9riences rapprochant nos soci\u00e9t\u00e9s mercantiles et urbanis\u00e9es des r\u00e9alit\u00e9s de la nature. <strong>C\u2019est ouvrir la porte par l\u2019audace d\u2019une escalade surprenante \u00e0 de v\u00e9ritables approches \u00e9cologiques et bio\u00e9conomiques de la for\u00eat. C\u2019est entrer dans l\u2019univers complexe de la biodiversit\u00e9, de la compensation carbone, du r\u00f4le de la for\u00eat face au changement climatique, mais c\u2019est y entrer en prenant de la hauteur&nbsp;!<\/strong><\/p>\n\n\n\n<p>Pour ces raisons je soutiens l\u2019action et le d\u00e9veloppement de Cascade de bois<\/p>\n\n\n\n<p>&nbsp;&nbsp;&nbsp;&nbsp;&nbsp;&nbsp;&nbsp;&nbsp;&nbsp;&nbsp;&nbsp;&nbsp;&nbsp;&nbsp;&nbsp;&nbsp;&nbsp;&nbsp;&nbsp;&nbsp;&nbsp;&nbsp;&nbsp;&nbsp;&nbsp;&nbsp;&nbsp;&nbsp;&nbsp;&nbsp;&nbsp;&nbsp;&nbsp;&nbsp;&nbsp;&nbsp;&nbsp;&nbsp;&nbsp;&nbsp;&nbsp;&nbsp;&nbsp;&nbsp;&nbsp;&nbsp;&nbsp;&nbsp;&nbsp;&nbsp;&nbsp;&nbsp;&nbsp;&nbsp;&nbsp;&nbsp;&nbsp;&nbsp;&nbsp;&nbsp;&nbsp;&nbsp;&nbsp;&nbsp;&nbsp;&nbsp;&nbsp;&nbsp;&nbsp;&nbsp;&nbsp;&nbsp;&nbsp;&nbsp;&nbsp;&nbsp;&nbsp;&nbsp;&nbsp;&nbsp;&nbsp;&nbsp;&nbsp;&nbsp;&nbsp;&nbsp;&nbsp;&nbsp;&nbsp;&nbsp;&nbsp;&nbsp;&nbsp;&nbsp;&nbsp;&nbsp;&nbsp;&nbsp;&nbsp;&nbsp;&nbsp;&nbsp;&nbsp;&nbsp;&nbsp;&nbsp;&nbsp;&nbsp;&nbsp; A Bordeaux, le 29 mai 2020<\/p>\n\n\n\n<p>&nbsp;&nbsp;&nbsp;&nbsp;&nbsp;&nbsp;&nbsp;&nbsp;&nbsp;&nbsp;&nbsp;&nbsp;&nbsp;&nbsp;&nbsp;&nbsp;&nbsp;&nbsp;&nbsp;&nbsp;&nbsp;&nbsp;&nbsp;&nbsp;&nbsp;&nbsp;&nbsp;&nbsp;&nbsp;&nbsp;&nbsp;&nbsp;&nbsp;&nbsp;&nbsp;&nbsp;&nbsp;&nbsp;&nbsp;&nbsp;&nbsp;&nbsp;&nbsp;&nbsp;&nbsp;&nbsp;&nbsp;&nbsp;&nbsp;&nbsp;&nbsp;&nbsp;&nbsp;&nbsp;&nbsp;&nbsp;&nbsp;&nbsp;&nbsp;&nbsp;&nbsp;&nbsp;&nbsp;&nbsp;&nbsp;&nbsp;&nbsp;&nbsp;&nbsp;&nbsp;&nbsp;&nbsp;&nbsp;&nbsp;&nbsp;&nbsp;&nbsp;&nbsp;&nbsp;&nbsp;&nbsp;&nbsp;&nbsp;&nbsp;&nbsp;&nbsp;&nbsp;&nbsp;&nbsp;&nbsp;&nbsp;&nbsp;&nbsp;&nbsp;&nbsp;&nbsp;&nbsp;&nbsp;&nbsp;&nbsp;&nbsp;&nbsp;&nbsp;&nbsp;&nbsp;&nbsp;&nbsp;&nbsp;&nbsp; &nbsp;&nbsp;&nbsp;&nbsp;&nbsp;&nbsp;&nbsp;&nbsp;&nbsp;&nbsp;&nbsp;&nbsp;&nbsp;&nbsp;&nbsp; Roland de Lary<\/p>\n\n\n\n<p class=\"has-text-align-right\">Directeur du CRPF de Nouvelle-Aquitaine<\/p>\n\n\n\n<div class=\"wp-block-image\"><figure class=\"alignright size-large\"><img loading=\"lazy\" width=\"277\" height=\"68\" src=\"http:\/\/cascadedebois.fr\/wp-content\/uploads\/2020\/09\/Logo-1.jpg\" alt=\"\" class=\"wp-image-117\"\/><\/figure><\/div>\n","protected":false},"excerpt":{"rendered":"<p>Enfants nous cherchions des arbres aux premi\u00e8res branches basses. Nous grimpions alors avec agilit\u00e9 jusqu\u2019au fa\u00eete et nous pouvions nous \u00e9merveiller d\u2019un paysage, de l\u2019envol d\u2019une tourterelle, de la course d\u2019un \u00e9cureuil et tout simplement des senteurs de la canop\u00e9e. Pourtant l\u2019exp\u00e9dition restait inaboutie car il y avait, toujours tr\u00e8s proches, ici un grand pin &hellip; <\/p>\n<p class=\"link-more\"><a href=\"http:\/\/cascadedebois.fr\/?page_id=116\" class=\"more-link\">Continuer la lecture<span class=\"screen-reader-text\"> de &laquo;&nbsp;Lettre de soutien du CRPF&nbsp;&raquo;<\/span><\/a><\/p>\n","protected":false},"author":1,"featured_media":110,"parent":0,"menu_order":0,"comment_status":"closed","ping_status":"closed","template":"","meta":[],"_links":{"self":[{"href":"http:\/\/cascadedebois.fr\/index.php?rest_route=\/wp\/v2\/pages\/116"}],"collection":[{"href":"http:\/\/cascadedebois.fr\/index.php?rest_route=\/wp\/v2\/pages"}],"about":[{"href":"http:\/\/cascadedebois.fr\/index.php?rest_route=\/wp\/v2\/types\/page"}],"author":[{"embeddable":true,"href":"http:\/\/cascadedebois.fr\/index.php?rest_route=\/wp\/v2\/users\/1"}],"replies":[{"embeddable":true,"href":"http:\/\/cascadedebois.fr\/index.php?rest_route=%2Fwp%2Fv2%2Fcomments&post=116"}],"version-history":[{"count":1,"href":"http:\/\/cascadedebois.fr\/index.php?rest_route=\/wp\/v2\/pages\/116\/revisions"}],"predecessor-version":[{"id":119,"href":"http:\/\/cascadedebois.fr\/index.php?rest_route=\/wp\/v2\/pages\/116\/revisions\/119"}],"wp:featuredmedia":[{"embeddable":true,"href":"http:\/\/cascadedebois.fr\/index.php?rest_route=\/wp\/v2\/media\/110"}],"wp:attachment":[{"href":"http:\/\/cascadedebois.fr\/index.php?rest_route=%2Fwp%2Fv2%2Fmedia&parent=116"}],"curies":[{"name":"wp","href":"https:\/\/api.w.org\/{rel}","templated":true}]}}